{"id":356,"date":"2024-05-07T22:15:46","date_gmt":"2024-05-07T22:15:46","guid":{"rendered":"https:\/\/juanvelez.rf.gd\/waao\/?page_id=356"},"modified":"2025-01-11T23:52:31","modified_gmt":"2025-01-12T04:52:31","slug":"nosotros-google-tag-gtag-js-script-async-srchttps-www-googletagmanager-com-gtag-jsidg-m1jlrc9xcd-script-script-window-datalayer-window-datalayer-function-gtagdatalayer-pusharguments-gtagjs-new-date-gt","status":"publish","type":"page","link":"https:\/\/itswaao.com\/es\/nosotros-google-tag-gtag-js-script-async-srchttps-www-googletagmanager-com-gtag-jsidg-m1jlrc9xcd-script-script-window-datalayer-window-datalayer-function-gtagdatalayer-pusharguments-gtagjs-new-date-gt\/","title":{"rendered":"Nosotros"},"content":{"rendered":"<div data-elementor-type=\"wp-page\" data-elementor-id=\"356\" class=\"elementor elementor-356\" data-elementor-post-type=\"page\">\n\t\t\t\t<div class=\"elementor-element elementor-element-c1629da e-con-full e-flex e-con e-parent\" data-id=\"c1629da\" data-element_type=\"container\" data-settings=\"{&quot;background_background&quot;:&quot;classic&quot;}\">\n\t\t<div class=\"elementor-element elementor-element-d07ffe5 e-flex e-con-boxed e-con e-child\" data-id=\"d07ffe5\" data-element_type=\"container\">\n\t\t\t\t\t<div class=\"e-con-inner\">\n\t\t<div class=\"elementor-element elementor-element-587c630 e-flex e-con-boxed e-con e-child\" data-id=\"587c630\" data-element_type=\"container\">\n\t\t\t\t\t<div class=\"e-con-inner\">\n\t\t\t\t<div class=\"elementor-element elementor-element-23579a1 premium-floating-effects-yes elementor-widget elementor-widget-image\" data-id=\"23579a1\" data-element_type=\"widget\" data-settings=\"{&quot;premium_fe_translate_switcher&quot;:&quot;yes&quot;,&quot;premium_fe_Xtranslate&quot;:{&quot;unit&quot;:&quot;px&quot;,&quot;size&quot;:&quot;&quot;,&quot;sizes&quot;:{&quot;from&quot;:0,&quot;to&quot;:5}},&quot;premium_fe_Xtranslate_tablet&quot;:{&quot;unit&quot;:&quot;px&quot;,&quot;size&quot;:&quot;&quot;,&quot;sizes&quot;:[]},&quot;premium_fe_Xtranslate_mobile&quot;:{&quot;unit&quot;:&quot;px&quot;,&quot;size&quot;:&quot;&quot;,&quot;sizes&quot;:[]},&quot;premium_fe_Ytranslate&quot;:{&quot;unit&quot;:&quot;px&quot;,&quot;size&quot;:&quot;&quot;,&quot;sizes&quot;:{&quot;from&quot;:0,&quot;to&quot;:5}},&quot;premium_fe_Ytranslate_tablet&quot;:{&quot;unit&quot;:&quot;px&quot;,&quot;size&quot;:&quot;&quot;,&quot;sizes&quot;:[]},&quot;premium_fe_Ytranslate_mobile&quot;:{&quot;unit&quot;:&quot;px&quot;,&quot;size&quot;:&quot;&quot;,&quot;sizes&quot;:[]},&quot;premium_fe_trans_duration&quot;:{&quot;unit&quot;:&quot;px&quot;,&quot;size&quot;:1000,&quot;sizes&quot;:[]},&quot;premium_fe_trans_delay&quot;:{&quot;unit&quot;:&quot;px&quot;,&quot;size&quot;:&quot;&quot;,&quot;sizes&quot;:[]},&quot;premium_fe_direction&quot;:&quot;alternate&quot;,&quot;premium_fe_loop&quot;:&quot;default&quot;,&quot;premium_fe_easing&quot;:&quot;easeInOutSine&quot;}\" data-widget_type=\"image.default\">\n\t\t\t\t<div class=\"elementor-widget-container\">\n\t\t\t\t\t\t\t\t\t\t\t\t\t\t\t<img fetchpriority=\"high\" decoding=\"async\" width=\"800\" height=\"659\" src=\"https:\/\/itswaao.com\/wp-content\/uploads\/2024\/05\/About-sect1-1024x843.png\" class=\"attachment-large size-large wp-image-1185\" alt=\"\" srcset=\"https:\/\/itswaao.com\/wp-content\/uploads\/2024\/05\/About-sect1-1024x843.png 1024w, https:\/\/itswaao.com\/wp-content\/uploads\/2024\/05\/About-sect1-300x247.png 300w, https:\/\/itswaao.com\/wp-content\/uploads\/2024\/05\/About-sect1-768x632.png 768w, https:\/\/itswaao.com\/wp-content\/uploads\/2024\/05\/About-sect1.png 1510w\" sizes=\"(max-width: 800px) 100vw, 800px\" \/>\t\t\t\t\t\t\t\t\t\t\t\t\t\t\t<\/div>\n\t\t\t\t<\/div>\n\t\t\t\t\t<\/div>\n\t\t\t\t<\/div>\n\t\t<div class=\"elementor-element elementor-element-4e01fe9 e-con-full e-flex e-con e-child\" data-id=\"4e01fe9\" data-element_type=\"container\">\n\t\t\t\t<div class=\"elementor-element elementor-element-48e395d elementor-widget__width-initial elementor-widget elementor-widget-heading\" data-id=\"48e395d\" data-element_type=\"widget\" data-widget_type=\"heading.default\">\n\t\t\t\t<div class=\"elementor-widget-container\">\n\t\t\t\t\t<h2 class=\"elementor-heading-title elementor-size-default\">Nuestra Visi\u00f3n<\/h2>\t\t\t\t<\/div>\n\t\t\t\t<\/div>\n\t\t\t\t<div class=\"elementor-element elementor-element-638d4f0 elementor-widget__width-initial elementor-widget elementor-widget-heading\" data-id=\"638d4f0\" data-element_type=\"widget\" data-widget_type=\"heading.default\">\n\t\t\t\t<div class=\"elementor-widget-container\">\n\t\t\t\t\t<h2 class=\"elementor-heading-title elementor-size-default\">It\u00b4s Waao<\/h2>\t\t\t\t<\/div>\n\t\t\t\t<\/div>\n\t\t\t\t<div class=\"elementor-element elementor-element-121f827 elementor-widget__width-initial elementor-widget elementor-widget-text-editor\" data-id=\"121f827\" data-element_type=\"widget\" data-widget_type=\"text-editor.default\">\n\t\t\t\t<div class=\"elementor-widget-container\">\n\t\t\t\t\t\t\t\t\t<p class=\"first-token\" data-sourcepos=\"1:1-1:15\">Nuestro objetivo es ser uno de los mejores y m\u00e1s respetados restaurantes de comida r\u00e1pida en el mercado latino, manteniendo un est\u00e1ndar internacional en nuestros platos y ofreciendo un concepto original de comida r\u00e1pida que refleje nuestras ra\u00edces latinas.<\/p><p data-sourcepos=\"3:1-3:71\">Nos comprometemos a brindar un servicio excepcional centrado en el cliente, sin comprometer la calidad ni el buen gusto, en nuestra b\u00fasqueda de destacar en el mercado hispano como referentes en la industria.<\/p>\t\t\t\t\t\t\t\t<\/div>\n\t\t\t\t<\/div>\n\t\t\t\t<\/div>\n\t\t\t\t\t<\/div>\n\t\t\t\t<\/div>\n\t\t\t\t<\/div>\n\t\t<div class=\"elementor-element elementor-element-2a7f30b e-con-full e-flex e-con e-parent\" data-id=\"2a7f30b\" data-element_type=\"container\" data-settings=\"{&quot;background_background&quot;:&quot;classic&quot;,&quot;shape_divider_top&quot;:&quot;waves&quot;,&quot;shape_divider_top_negative&quot;:&quot;yes&quot;}\">\n\t\t\t\t<div class=\"elementor-shape elementor-shape-top\" aria-hidden=\"true\" data-negative=\"true\">\n\t\t\t<svg xmlns=\"http:\/\/www.w3.org\/2000\/svg\" viewbox=\"0 0 1000 100\" preserveaspectratio=\"none\">\n\t<path class=\"elementor-shape-fill\" d=\"M790.5,93.1c-59.3-5.3-116.8-18-192.6-50c-29.6-12.7-76.9-31-100.5-35.9c-23.6-4.9-52.6-7.8-75.5-5.3\tc-10.2,1.1-22.6,1.4-50.1,7.4c-27.2,6.3-58.2,16.6-79.4,24.7c-41.3,15.9-94.9,21.9-134,22.6C72,58.2,0,25.8,0,25.8V100h1000V65.3\tc0,0-51.5,19.4-106.2,25.7C839.5,97,814.1,95.2,790.5,93.1z\"\/>\n<\/svg>\t\t<\/div>\n\t\t<div class=\"elementor-element elementor-element-17b221b e-con-full e-flex e-con e-child\" data-id=\"17b221b\" data-element_type=\"container\">\n\t\t\t\t<div class=\"elementor-element elementor-element-0478513 elementor-widget__width-initial elementor-widget elementor-widget-heading\" data-id=\"0478513\" data-element_type=\"widget\" data-widget_type=\"heading.default\">\n\t\t\t\t<div class=\"elementor-widget-container\">\n\t\t\t\t\t<h2 class=\"elementor-heading-title elementor-size-default\">Nuestra Misi\u00f3n<\/h2>\t\t\t\t<\/div>\n\t\t\t\t<\/div>\n\t\t\t\t<div class=\"elementor-element elementor-element-87e3cfd elementor-widget__width-initial elementor-widget elementor-widget-heading\" data-id=\"87e3cfd\" data-element_type=\"widget\" data-widget_type=\"heading.default\">\n\t\t\t\t<div class=\"elementor-widget-container\">\n\t\t\t\t\t<h2 class=\"elementor-heading-title elementor-size-default\">It\u00b4s Waao<\/h2>\t\t\t\t<\/div>\n\t\t\t\t<\/div>\n\t\t\t\t<div class=\"elementor-element elementor-element-3817df7 elementor-widget__width-initial elementor-widget elementor-widget-text-editor\" data-id=\"3817df7\" data-element_type=\"widget\" data-widget_type=\"text-editor.default\">\n\t\t\t\t<div class=\"elementor-widget-container\">\n\t\t\t\t\t\t\t\t\t<p class=\"first-token\" data-sourcepos=\"1:1-1:17\">Nuestro objetivo es ser de los mejores y m\u00e1s respetados \u201crestaurantes de comida r\u00e1pida\u201d del mercado latino. No ser\u00e1 una tarea f\u00e1cil, pero entendemos que nada bueno es f\u00e1cil. Somos un equipo centrado en el cliente y apasionado por brindar un servicio excepcional a nuestros clientes.<\/p><p data-sourcepos=\"3:1-3:148\">Nuestros platos de comida r\u00e1pida son de est\u00e1ndar internacional, y nos diferenciamos por poner a disposici\u00f3n de nuestros clientes el nuevo y original concepto de comida r\u00e1pida. Esto es lo que realmente define nuestras ra\u00edces latinas. <br>\n\nComo empresa, nunca comprometemos la calidad y el buen gusto en nuestra b\u00fasqueda de convertirnos en los mejores y m\u00e1s respetados \u201crestaurantes de comida r\u00e1pida\u201d del mercado hispano.<\/p>\t\t\t\t\t\t\t\t<\/div>\n\t\t\t\t<\/div>\n\t\t\t\t<\/div>\n\t\t<div class=\"elementor-element elementor-element-c24f77f e-con-full e-flex e-con e-child\" data-id=\"c24f77f\" data-element_type=\"container\">\n\t\t\t\t<div class=\"elementor-element elementor-element-5f60434 elementor-invisible elementor-widget elementor-widget-image\" data-id=\"5f60434\" data-element_type=\"widget\" data-settings=\"{&quot;_animation&quot;:&quot;fadeInUp&quot;}\" data-widget_type=\"image.default\">\n\t\t\t\t<div class=\"elementor-widget-container\">\n\t\t\t\t\t\t\t\t\t\t\t\t\t\t\t<img decoding=\"async\" width=\"800\" height=\"1015\" src=\"https:\/\/itswaao.com\/wp-content\/uploads\/2024\/05\/Mision_Mesa-de-trabajo-1-scaled-e1717087521876-807x1024.webp\" class=\"attachment-large size-large wp-image-2944\" alt=\"\" srcset=\"https:\/\/itswaao.com\/wp-content\/uploads\/2024\/05\/Mision_Mesa-de-trabajo-1-scaled-e1717087521876-807x1024.webp 807w, https:\/\/itswaao.com\/wp-content\/uploads\/2024\/05\/Mision_Mesa-de-trabajo-1-scaled-e1717087521876-236x300.webp 236w, https:\/\/itswaao.com\/wp-content\/uploads\/2024\/05\/Mision_Mesa-de-trabajo-1-scaled-e1717087521876-768x975.webp 768w, https:\/\/itswaao.com\/wp-content\/uploads\/2024\/05\/Mision_Mesa-de-trabajo-1-scaled-e1717087521876.webp 1084w\" sizes=\"(max-width: 800px) 100vw, 800px\" \/>\t\t\t\t\t\t\t\t\t\t\t\t\t\t\t<\/div>\n\t\t\t\t<\/div>\n\t\t\t\t<\/div>\n\t\t\t\t<\/div>\n\t\t\t\t<\/div>","protected":false},"excerpt":{"rendered":"<p>Our vision It\u00b4s Waao We strive to be the top fast-food chain in the Latin market. We know it&#8217;s challenging, but we&#8217;re dedicated to providing excellent customer service and top-notch international fast food. Our unique concept blends fast food with our Latin roots. We never compromise quality or flavor in our pursuit of excellence. Our [&hellip;]<\/p>","protected":false},"author":1,"featured_media":0,"parent":0,"menu_order":0,"comment_status":"closed","ping_status":"closed","template":"elementor_header_footer","meta":{"_monsterinsights_skip_tracking":false,"_monsterinsights_sitenote_active":false,"_monsterinsights_sitenote_note":"","_monsterinsights_sitenote_category":0,"footnotes":""},"class_list":["post-356","page","type-page","status-publish","hentry"],"aioseo_notices":[],"_links":{"self":[{"href":"https:\/\/itswaao.com\/es\/wp-json\/wp\/v2\/pages\/356","targetHints":{"allow":["GET"]}}],"collection":[{"href":"https:\/\/itswaao.com\/es\/wp-json\/wp\/v2\/pages"}],"about":[{"href":"https:\/\/itswaao.com\/es\/wp-json\/wp\/v2\/types\/page"}],"author":[{"embeddable":true,"href":"https:\/\/itswaao.com\/es\/wp-json\/wp\/v2\/users\/1"}],"replies":[{"embeddable":true,"href":"https:\/\/itswaao.com\/es\/wp-json\/wp\/v2\/comments?post=356"}],"version-history":[{"count":0,"href":"https:\/\/itswaao.com\/es\/wp-json\/wp\/v2\/pages\/356\/revisions"}],"wp:attachment":[{"href":"https:\/\/itswaao.com\/es\/wp-json\/wp\/v2\/media?parent=356"}],"curies":[{"name":"wp","href":"https:\/\/api.w.org\/{rel}","templated":true}]}}